{"id":9,"date":"2014-01-16T15:56:40","date_gmt":"2014-01-16T14:56:40","guid":{"rendered":"http:\/\/eerrtierraestella.educacion.navarra.es\/cpancin\/?page_id=9"},"modified":"2018-02-26T16:14:05","modified_gmt":"2018-02-26T15:14:05","slug":"oferta-educativa","status":"publish","type":"page","link":"https:\/\/eerrtierraestella.educacion.navarra.es\/cpancin\/oferta-educativa\/","title":{"rendered":"Oferta Educativa"},"content":{"rendered":"<p>La oferta educativa del C.P.E.I.P. San Fausto de Anc\u00edn son los siguientes:<\/p>\n<p>Modelo D: 3 a\u00f1os a 2\u00ba Primaria<\/p>\n<p>Modelo A-G: 3 a\u00f1os a 6\u00ba de Primaria<\/p>\n<p>El modelo D es de inmersi\u00f3n ling\u00fc\u00edstica en euskera.<\/p>\n<p>El modelo A, tiene 4 sesiones de euskera.<\/p>\n<p>En el modelo G no se imparte la asignatura de euskera y en cambio se dan dos horas de taller de matem\u00e1ticas y dos de taller lengua.<\/p>\n","protected":false},"excerpt":{"rendered":"<p>La oferta educativa del C.P.E.I.P. San Fausto de Anc\u00edn son los siguientes: Modelo D: 3 a\u00f1os a 2\u00ba Primaria Modelo A-G: 3 a\u00f1os a 6\u00ba de Primaria El modelo D es de inmersi\u00f3n ling\u00fc\u00edstica en euskera. El modelo A, tiene &hellip; <a href=\"https:\/\/eerrtierraestella.educacion.navarra.es\/cpancin\/oferta-educativa\/\">Sigue leyendo <span class=\"meta-nav\">&rarr;<\/span><\/a><\/p>\n","protected":false},"author":1,"featured_media":0,"parent":0,"menu_order":3,"comment_status":"open","ping_status":"open","template":"","meta":[],"_links":{"self":[{"href":"https:\/\/eerrtierraestella.educacion.navarra.es\/cpancin\/wp-json\/wp\/v2\/pages\/9"}],"collection":[{"href":"https:\/\/eerrtierraestella.educacion.navarra.es\/cpancin\/wp-json\/wp\/v2\/pages"}],"about":[{"href":"https:\/\/eerrtierraestella.educacion.navarra.es\/cpancin\/wp-json\/wp\/v2\/types\/page"}],"author":[{"embeddable":true,"href":"https:\/\/eerrtierraestella.educacion.navarra.es\/cpancin\/wp-json\/wp\/v2\/users\/1"}],"replies":[{"embeddable":true,"href":"https:\/\/eerrtierraestella.educacion.navarra.es\/cpancin\/wp-json\/wp\/v2\/comments?post=9"}],"version-history":[{"count":5,"href":"https:\/\/eerrtierraestella.educacion.navarra.es\/cpancin\/wp-json\/wp\/v2\/pages\/9\/revisions"}],"predecessor-version":[{"id":536,"href":"https:\/\/eerrtierraestella.educacion.navarra.es\/cpancin\/wp-json\/wp\/v2\/pages\/9\/revisions\/536"}],"wp:attachment":[{"href":"https:\/\/eerrtierraestella.educacion.navarra.es\/cpancin\/wp-json\/wp\/v2\/media?parent=9"}],"curies":[{"name":"wp","href":"https:\/\/api.w.org\/{rel}","templated":true}]}}