{"id":39,"date":"2013-10-23T11:58:01","date_gmt":"2013-10-23T09:58:01","guid":{"rendered":"http:\/\/eerrtierraestella.educacion.navarra.es\/diaeerrestella\/?page_id=39"},"modified":"2013-11-04T11:39:27","modified_gmt":"2013-11-04T10:39:27","slug":"ii-dia-de-las-escuelas-rurales-de-tierra-estella","status":"publish","type":"page","link":"https:\/\/eerrtierraestella.educacion.navarra.es\/diaeerrestella\/ii-dia-de-las-escuelas-rurales-de-tierra-estella\/","title":{"rendered":"II D\u00eda de las Escuelas Rurales de Tierra Estella"},"content":{"rendered":"<p><a href=\"https:\/\/eerrtierraestella.educacion.navarra.es\/diaeerrestella\/files\/2013\/10\/1-DDN_25-10-2013_17h24m_0151.jpg\"><img loading=\"lazy\" class=\"aligncenter size-large wp-image-53\" alt=\"*A: MONTXO A.\" src=\"https:\/\/eerrtierraestella.educacion.navarra.es\/diaeerrestella\/files\/2013\/10\/1-DDN_25-10-2013_17h24m_0151-1024x303.jpg\" width=\"584\" height=\"172\" srcset=\"https:\/\/eerrtierraestella.educacion.navarra.es\/diaeerrestella\/files\/2013\/10\/1-DDN_25-10-2013_17h24m_0151-1024x303.jpg 1024w, https:\/\/eerrtierraestella.educacion.navarra.es\/diaeerrestella\/files\/2013\/10\/1-DDN_25-10-2013_17h24m_0151-300x89.jpg 300w, https:\/\/eerrtierraestella.educacion.navarra.es\/diaeerrestella\/files\/2013\/10\/1-DDN_25-10-2013_17h24m_0151-500x148.jpg 500w\" sizes=\"(max-width: 584px) 100vw, 584px\" \/><\/a><\/p>\n<p>El 25 de octubre de 2013, los\/as alumnos\/as de los 9 colegios rurales de Tierra Estella (Ab\u00e1rzuza, Allo, Anc\u00edn, Arr\u00f3niz, Dicastillo, Lez\u00e1un, Murieta, Oteiza y Villatuerta) celebramos el segundo D\u00eda de las Escuelas Rurales de Tierra Estella.<!--more--><\/p>\n<p>Las actividades se realizaron en Arr\u00f3niz. En ellas participaron 353 alumnos\/as y 60 maestros\/as.<\/p>\n<p>La finalidad de \u00e9ste d\u00eda era la convivencia entre todo el alumnado y profesorado. Tuvimos suerte con la meteorolog\u00eda\u00a0y el alumnado disfrut\u00f3 mucho.<\/p>\n<p>NOTICIAS EN EL PERI\u00d3DICO<\/p>\n<p>Diario de Navarra:<\/p>\n<div style=\"text-align: center; width:300px; margin: 12px auto;\"><div style=\"margin: 4px 0px;\"><a href=\"http:\/\/calameo.com\/books\/002015989a40c276d5e24\">View this publication on Calam&eacute;o<\/a><\/div><iframe src=\"\/\/v.calameo.com\/?bkcode=002015989a40c276d5e24&amp;language=es&amp;page=&amp;showsharemenu=true\" width=\"300\" height=\"194\" style=\"width:300px;height:194px\" frameborder=\"0\" scrolling=\"no\" allowtransparency allowfullscreen><\/iframe><div style=\"margin: 4px 0px; font-size: 90%;\"><a rel=\"nofollow\" href=\"http:\/\/calameo.com\/upload\">Publish<\/a> at <a href=\"http:\/\/calameo.com\">Calam&eacute;o<\/a> or <a href=\"http:\/\/calameo.com\/browse\/weekly\/?o=7&amp;w=DESC\">browse<\/a> the library.<\/div><\/div>\n<p>Diario de Noticias:<\/p>\n<div style=\"text-align: center; width:300px; margin: 12px auto;\"><div style=\"margin: 4px 0px;\"><a href=\"http:\/\/calameo.com\/books\/002015989ea76fc6cc71e\">View this publication on Calam&eacute;o<\/a><\/div><iframe src=\"\/\/v.calameo.com\/?bkcode=002015989ea76fc6cc71e&amp;language=es&amp;page=&amp;showsharemenu=true\" width=\"300\" height=\"194\" style=\"width:300px;height:194px\" frameborder=\"0\" scrolling=\"no\" allowtransparency allowfullscreen><\/iframe><div style=\"margin: 4px 0px; font-size: 90%;\"><a rel=\"nofollow\" href=\"http:\/\/calameo.com\/upload\">Publish<\/a> at <a href=\"http:\/\/calameo.com\">Calam&eacute;o<\/a> or <a href=\"http:\/\/calameo.com\/browse\/weekly\/?o=7&amp;w=DESC\">browse<\/a> the library.<\/div><\/div>\n","protected":false},"excerpt":{"rendered":"<p>El 25 de octubre de 2013, los\/as alumnos\/as de los 9 colegios rurales de Tierra Estella (Ab\u00e1rzuza, Allo, Anc\u00edn, Arr\u00f3niz, Dicastillo, Lez\u00e1un, Murieta, Oteiza y Villatuerta) celebramos el segundo D\u00eda de las Escuelas Rurales de Tierra Estella.<\/p>\n","protected":false},"author":1,"featured_media":0,"parent":0,"menu_order":0,"comment_status":"open","ping_status":"open","template":"","meta":[],"_links":{"self":[{"href":"https:\/\/eerrtierraestella.educacion.navarra.es\/diaeerrestella\/wp-json\/wp\/v2\/pages\/39"}],"collection":[{"href":"https:\/\/eerrtierraestella.educacion.navarra.es\/diaeerrestella\/wp-json\/wp\/v2\/pages"}],"about":[{"href":"https:\/\/eerrtierraestella.educacion.navarra.es\/diaeerrestella\/wp-json\/wp\/v2\/types\/page"}],"author":[{"embeddable":true,"href":"https:\/\/eerrtierraestella.educacion.navarra.es\/diaeerrestella\/wp-json\/wp\/v2\/users\/1"}],"replies":[{"embeddable":true,"href":"https:\/\/eerrtierraestella.educacion.navarra.es\/diaeerrestella\/wp-json\/wp\/v2\/comments?post=39"}],"version-history":[{"count":3,"href":"https:\/\/eerrtierraestella.educacion.navarra.es\/diaeerrestella\/wp-json\/wp\/v2\/pages\/39\/revisions"}],"predecessor-version":[{"id":52,"href":"https:\/\/eerrtierraestella.educacion.navarra.es\/diaeerrestella\/wp-json\/wp\/v2\/pages\/39\/revisions\/52"}],"wp:attachment":[{"href":"https:\/\/eerrtierraestella.educacion.navarra.es\/diaeerrestella\/wp-json\/wp\/v2\/media?parent=39"}],"curies":[{"name":"wp","href":"https:\/\/api.w.org\/{rel}","templated":true}]}}